{"id":448,"date":"2022-05-18T11:33:59","date_gmt":"2022-05-18T03:33:59","guid":{"rendered":"http:\/\/rongzhenliao.com\/?page_id=448"},"modified":"2024-11-01T11:23:45","modified_gmt":"2024-11-01T03:23:45","slug":"conference","status":"publish","type":"page","link":"http:\/\/rongzhenliao.com\/index.php\/conference\/","title":{"rendered":"Conferences"},"content":{"rendered":"<p><strong>Oct 27th, 2024<\/strong>, the mini-symposium &#8220;Methods and Applications in Computational Chemistry&#8221; (organizers: Rongzhen Liao) was held at Huazhong University of Science and Technology, Wuhan.\u00a0The list of invited theoretical and computational chemists is below:<\/p>\n<p>Prof. Edina Rosta, University College London, UK<\/p>\n<p>Prof. Tiziana Marino, Universit\u00e0 della Calabria, Italy<\/p>\n<p>Prof. Guang Feng, Huazhong University of Science and Technology<\/p>\n<p>Prof. Sam De Visser, University of Manchester, UK<\/p>\n<p>Prof. Fahmi Himo, Stockholm University, Sweden<\/p>\n<p>Prof. Evert Jan Meijer, University of Amsterdam, Netherlands<\/p>\n<p>Prof. Ivan Rivalta, Universit\u00e0 di Bologna, Italy<\/p>\n<p>Prof. Yong Wang, Ningbo University<\/p>\n<p>Prof. Mario Prejano, Universit\u00e0 della Calabria, Italy<\/p>\n<p>Dr. Ying-Ying Li, Zhengzhou Normal University<\/p>\n<p>Dr. Wen-Jie Wei, Stockholm University, Sweden<\/p>\n<p>Mr. Lukas Michael R\u00f6mer, Stockholm University, Sweden<\/p>\n<p><img loading=\"lazy\" class=\"alignnone size-large wp-image-784\" src=\"http:\/\/rongzhenliao.com\/wp-content\/uploads\/2024\/11\/QQ\u56fe\u724720241101111438-1024x768.jpeg\" alt=\"\" width=\"640\" height=\"480\" srcset=\"http:\/\/rongzhenliao.com\/wp-content\/uploads\/2024\/11\/QQ\u56fe\u724720241101111438-1024x768.jpeg 1024w, http:\/\/rongzhenliao.com\/wp-content\/uploads\/2024\/11\/QQ\u56fe\u724720241101111438-300x225.jpeg 300w, http:\/\/rongzhenliao.com\/wp-content\/uploads\/2024\/11\/QQ\u56fe\u724720241101111438-768x576.jpeg 768w, http:\/\/rongzhenliao.com\/wp-content\/uploads\/2024\/11\/QQ\u56fe\u724720241101111438-1536x1152.jpeg 1536w, http:\/\/rongzhenliao.com\/wp-content\/uploads\/2024\/11\/QQ\u56fe\u724720241101111438-2048x1536.jpeg 2048w, http:\/\/rongzhenliao.com\/wp-content\/uploads\/2024\/11\/QQ\u56fe\u724720241101111438-1568x1176.jpeg 1568w\" sizes=\"(max-width: 640px) 100vw, 640px\" \/><\/p>\n<p>&#8212;&#8212;&#8212;&#8212;&#8212;&#8212;&#8212;&#8212;&#8212;&#8212;&#8212;&#8212;&#8212;&#8212;&#8212;&#8212;&#8212;&#8212;&#8212;&#8212;&#8212;&#8212;&#8211;<\/p>\n<p><strong>April 22nd, 2024<\/strong>, the\u00a0 Chinese mini-symposium\u201cTheoretical Chemistry and Artificial Intelligence Chemistry\u201d\uff08\u534e\u4e2d\u79d1\u6280\u5927\u5b66\u5316\u5b66\u4e0e\u5316\u5de5\u5b66\u9662\u7406\u8bba\u4e0e\u4eba\u5de5\u667a\u80fd\u5316\u5b66\u7814\u8ba8\u4f1a\uff09 (organizers:\u00a0 Rongzhen Liao and Man Li) was held at Huazhong University of Science and Technology, Wuhan.\u00a0The list of invited theoretical and computational chemists is below:<\/p>\n<p>Prof. Wei Hu, Qilu University of Technology<\/p>\n<p>Prof. Xiang Sheng, Tianjin Institute of Industrial Biotechnology, Chinese Academy of Sciences<\/p>\n<p>Prof. Fei Xia, East China Normal University<\/p>\n<p>Prof. Jing Xie, Beijing Institute of Technology<\/p>\n<p>Prof. Ding-Guo Xu, Sichuan University<\/p>\n<p>Prof. Bing Yin, Northwest University<\/p>\n<p>Prof. Qing-Chuan Zheng, Jinlin University<\/p>\n<p>&#8212;&#8212;&#8212;&#8212;&#8212;&#8212;&#8212;&#8212;&#8212;&#8212;&#8212;&#8212;&#8212;&#8212;&#8212;&#8212;&#8212;&#8212;&#8212;&#8212;&#8212;&#8212;&#8211;<\/p>\n<p><strong>May 26th-27th, 2023<\/strong>, the\u00a0 Chinese symposium\u201cTheory and mechanism of sustainable catalysis\u201d\uff08\u534e\u4e2d\u79d1\u6280\u5927\u5b66\u5b66\u672f\u524d\u6cbf\u9752\u5e74\u56e2\u961f\u524d\u6cbf\u63a2\u7d22\u8bba\u575b\uff1a\u53ef\u6301\u7eed\u50ac\u5316\u7406\u8bba\u4e0e\u673a\u5236\u7814\u8ba8\u4f1a\uff09 (organizers:\u00a0 Rongzhen Liao and Man Li) was held at Huazhong University of Science and Technology, Wuhan (<a href=\"http:\/\/rongzhenliao.com\/wp-content\/uploads\/2023\/05\/\u53ef\u6301\u7eed\u50ac\u5316\u7406\u8bba\u4e0e\u673a\u5236\u7814\u8ba8\u4f1a\u4f1a\u8bae\u624b\u518c-.pdf\">conference program<\/a>). The list of invited theoretical and computational chemists is below:<\/p>\n<p>Prof. Xuebo Chen, Beijing Normal University<\/p>\n<p>Prof. Oscar Lung Wa Chung, Southen University of Science and Technology<\/p>\n<p>Prof. Wei Guan, Northeast Normal University<\/p>\n<p>Prof. Xin Hong, Zhejiang University<\/p>\n<p>Prof. Yu Lan, Zhengzhou University<\/p>\n<p>Prof. Zhuofeng Ke, Sun Yat-sen University<\/p>\n<p>Prof. Yong Liang, Nanjing University<\/p>\n<p>Prof. Qian Peng, Nankai University<\/p>\n<p>Prof. Xiaosong Xue, Shanghai Institute of Organic Chemistry<\/p>\n<p>Prof. Shengfa Ye, Dalian Institute of Chemical Physics<\/p>\n<p>Prof. Peiyuan Yu, Southen University of Science and Technology<\/p>\n<p>Prof. Jun Zhu, The Chinese University of Hong Kong, Shenzhen<\/p>\n<p><img loading=\"lazy\" class=\"alignnone wp-image-617 size-large\" src=\"http:\/\/rongzhenliao.com\/wp-content\/uploads\/2023\/05\/\u5fae\u4fe1\u56fe\u7247_20230529061032-1024x559.jpg\" alt=\"\" width=\"640\" height=\"349\" srcset=\"http:\/\/rongzhenliao.com\/wp-content\/uploads\/2023\/05\/\u5fae\u4fe1\u56fe\u7247_20230529061032-1024x559.jpg 1024w, http:\/\/rongzhenliao.com\/wp-content\/uploads\/2023\/05\/\u5fae\u4fe1\u56fe\u7247_20230529061032-300x164.jpg 300w, http:\/\/rongzhenliao.com\/wp-content\/uploads\/2023\/05\/\u5fae\u4fe1\u56fe\u7247_20230529061032-768x420.jpg 768w, http:\/\/rongzhenliao.com\/wp-content\/uploads\/2023\/05\/\u5fae\u4fe1\u56fe\u7247_20230529061032-1536x839.jpg 1536w, http:\/\/rongzhenliao.com\/wp-content\/uploads\/2023\/05\/\u5fae\u4fe1\u56fe\u7247_20230529061032-2048x1119.jpg 2048w, http:\/\/rongzhenliao.com\/wp-content\/uploads\/2023\/05\/\u5fae\u4fe1\u56fe\u7247_20230529061032-1568x857.jpg 1568w\" sizes=\"(max-width: 640px) 100vw, 640px\" \/><\/p>\n<p>&#8212;&#8212;&#8212;&#8212;&#8212;&#8212;&#8212;&#8212;&#8212;&#8212;&#8212;&#8212;&#8212;&#8212;&#8212;&#8212;&#8212;&#8212;&#8212;&#8212;&#8212;&#8212;&#8211;<\/p>\n<p><strong>November 24th-27th, 2018<\/strong>, the International Conference on Green Chemistry and Sustainable Catalysis (organizers: Yanlong Gu and Rongzhen Liao) was held at Huazhong University of Science and Technology, Wuhan (<a href=\"http:\/\/rongzhenliao.com\/wp-content\/uploads\/2022\/05\/program.pdf\" target=\"_blank\" rel=\"noopener\">conference program<\/a>).\u00a0The list of invited theoretical and computational chemists is below:<\/p>\n<p>Prof. Weihai Fang, Beijing Normal University, China<\/p>\n<p>Prof. Fahmi Himo, Stockholm University, Sweden<\/p>\n<p>Prof. Xuqing Gong, East China University of Science and Technology, China<\/p>\n<p>Prof. Shuhua Li, Nanjing University, China<\/p>\n<p>Prof. Jun Li, Tsinghua University, China<\/p>\n<p>Prof. Weixue Li, University of Science and Technology of China, China<\/p>\n<p>Prof. Zhenyang Lin, The Hong Kong University of Science &amp; Technology, China<\/p>\n<p>Prof. Zhipan Liu, Fudan University, China<\/p>\n<p>Prof. Agust\u00ed Lled\u00f3s, Universitat Aut\u00f2noma de Barcelona, Spain<\/p>\n<p>Prof. Jing Ma, Nanjing University, China<\/p>\n<p>Prof. Feliu Maseras, Institute of Chemical Research of Catalonia, Spain<\/p>\n<p>Prof. Evert-Jan Meijer, University of Amsterdam, Netherlands<\/p>\n<p>Prof. Per Siegbahn, Stockholm University, Sweden<\/p>\n<p>Prof. Gregori Ujaque, Universitat Aut\u00f2noma de Barcelona, Spain<\/p>\n<p>Prof. Xin Xu, Fudan University, China<\/p>\n<p>Prof. Shengfa Ye, Max-Planck-Institut f\u00fcr Kohlenforschung, Germany<\/p>\n<p><img loading=\"lazy\" class=\"alignnone wp-image-453 size-large\" src=\"http:\/\/rongzhenliao.com\/wp-content\/uploads\/2022\/05\/groupphoto-1024x683.jpg\" alt=\"\" width=\"640\" height=\"427\" srcset=\"http:\/\/rongzhenliao.com\/wp-content\/uploads\/2022\/05\/groupphoto-1024x683.jpg 1024w, http:\/\/rongzhenliao.com\/wp-content\/uploads\/2022\/05\/groupphoto-300x200.jpg 300w, http:\/\/rongzhenliao.com\/wp-content\/uploads\/2022\/05\/groupphoto-768x512.jpg 768w, http:\/\/rongzhenliao.com\/wp-content\/uploads\/2022\/05\/groupphoto-1536x1024.jpg 1536w, http:\/\/rongzhenliao.com\/wp-content\/uploads\/2022\/05\/groupphoto-2048x1365.jpg 2048w, http:\/\/rongzhenliao.com\/wp-content\/uploads\/2022\/05\/groupphoto-1568x1045.jpg 1568w\" sizes=\"(max-width: 640px) 100vw, 640px\" \/><\/p>\n<p>&nbsp;<\/p>\n","protected":false},"excerpt":{"rendered":"<p>Oct 27th, 2024, the mini-symposium &#8220;Methods and A &hellip; <\/p>\n<p class=\"link-more\"><a href=\"http:\/\/rongzhenliao.com\/index.php\/conference\/\" class=\"more-link\">\u7ee7\u7eed\u9605\u8bfb<span class=\"screen-reader-text\">\u201cConferences\u201d<\/span><\/a><\/p>\n","protected":false},"author":1,"featured_media":0,"parent":0,"menu_order":0,"comment_status":"closed","ping_status":"closed","template":"","meta":[],"_links":{"self":[{"href":"http:\/\/rongzhenliao.com\/index.php\/wp-json\/wp\/v2\/pages\/448"}],"collection":[{"href":"http:\/\/rongzhenliao.com\/index.php\/wp-json\/wp\/v2\/pages"}],"about":[{"href":"http:\/\/rongzhenliao.com\/index.php\/wp-json\/wp\/v2\/types\/page"}],"author":[{"embeddable":true,"href":"http:\/\/rongzhenliao.com\/index.php\/wp-json\/wp\/v2\/users\/1"}],"replies":[{"embeddable":true,"href":"http:\/\/rongzhenliao.com\/index.php\/wp-json\/wp\/v2\/comments?post=448"}],"version-history":[{"count":20,"href":"http:\/\/rongzhenliao.com\/index.php\/wp-json\/wp\/v2\/pages\/448\/revisions"}],"predecessor-version":[{"id":788,"href":"http:\/\/rongzhenliao.com\/index.php\/wp-json\/wp\/v2\/pages\/448\/revisions\/788"}],"wp:attachment":[{"href":"http:\/\/rongzhenliao.com\/index.php\/wp-json\/wp\/v2\/media?parent=448"}],"curies":[{"name":"wp","href":"https:\/\/api.w.org\/{rel}","templated":true}]}}